{"id":67,"date":"2026-01-02T16:25:14","date_gmt":"2026-01-02T15:25:14","guid":{"rendered":"https:\/\/clients.woop.design\/muj-ucet\/"},"modified":"2026-01-29T09:18:26","modified_gmt":"2026-01-29T08:18:26","slug":"muj-ucet","status":"publish","type":"page","link":"https:\/\/clients.woop.design\/cs\/muj-ucet\/","title":{"rendered":"M\u016fj \u00fa\u010det"},"content":{"rendered":"\t\t<div data-elementor-type=\"wp-page\" data-elementor-id=\"67\" class=\"elementor elementor-67 elementor-16\" data-elementor-post-type=\"page\">\n\t\t\t\t<div class=\"elementor-element elementor-element-1beafdd e-con-full e-flex e-con e-parent\" data-id=\"1beafdd\" data-element_type=\"container\" data-e-type=\"container\" data-settings=\"{&quot;jet_parallax_layout_list&quot;:[]}\">\n\t\t\t\t<div class=\"elementor-element elementor-element-daf1d2f e-my-account-tabs-vertical elementor-widget elementor-widget-woocommerce-my-account\" data-id=\"daf1d2f\" data-element_type=\"widget\" data-e-type=\"widget\" data-settings=\"{&quot;customize_dashboard_check&quot;:&quot;yes&quot;}\" data-widget_type=\"woocommerce-my-account.default\">\n\t\t\t\t\t<div class=\"e-my-account-tab e-my-account-tab__ \">\t\t\t<div class=\"woocommerce\"><\/div>\t\t<\/div>\n\t\t\t\t\t\t<\/div>\n\t\t\t\t<\/div>\n\t\t\t\t<\/div>\n\t\t","protected":false},"excerpt":{"rendered":"","protected":false},"author":1,"featured_media":0,"parent":0,"menu_order":0,"comment_status":"closed","ping_status":"closed","template":"","meta":{"inline_featured_image":false,"footnotes":""},"class_list":["post-67","page","type-page","status-publish","hentry"],"_links":{"self":[{"href":"https:\/\/clients.woop.design\/cs\/wp-json\/wp\/v2\/pages\/67","targetHints":{"allow":["GET"]}}],"collection":[{"href":"https:\/\/clients.woop.design\/cs\/wp-json\/wp\/v2\/pages"}],"about":[{"href":"https:\/\/clients.woop.design\/cs\/wp-json\/wp\/v2\/types\/page"}],"author":[{"embeddable":true,"href":"https:\/\/clients.woop.design\/cs\/wp-json\/wp\/v2\/users\/1"}],"replies":[{"embeddable":true,"href":"https:\/\/clients.woop.design\/cs\/wp-json\/wp\/v2\/comments?post=67"}],"version-history":[{"count":8,"href":"https:\/\/clients.woop.design\/cs\/wp-json\/wp\/v2\/pages\/67\/revisions"}],"predecessor-version":[{"id":333,"href":"https:\/\/clients.woop.design\/cs\/wp-json\/wp\/v2\/pages\/67\/revisions\/333"}],"wp:attachment":[{"href":"https:\/\/clients.woop.design\/cs\/wp-json\/wp\/v2\/media?parent=67"}],"curies":[{"name":"wp","href":"https:\/\/api.w.org\/{rel}","templated":true}]}}